





{"id":837,"date":"2020-07-14T23:01:01","date_gmt":"2020-07-14T20:01:01","guid":{"rendered":"http:\/\/localhost\/wordpress\/?page_id=837"},"modified":"2021-03-01T18:55:02","modified_gmt":"2021-03-01T15:55:02","slug":"hakkimizda","status":"publish","type":"page","link":"https:\/\/rtgmuhendislik.com\/index.php\/hakkimizda\/","title":{"rendered":"Hakk\u0131m\u0131zda"},"content":{"rendered":"<p>[vc_row css=&#8221;.vc_custom_1406305475310{margin-top: 60px !important;margin-bottom: 60px !important;}&#8221;][vc_column width=&#8221;1\/2&#8243;][vc_column_text]<span style=\" font-size: 30px; line-height: 32px; color: #545454;\">2015 te kurulmu\u015f olan ve h\u0131zl\u0131 b\u00fcy\u00fcme ivmesiyle b\u00fcy\u00fcmeye devam eden \u015firketimiz tecr\u00fcbeli m\u00fchendis, proje y\u00f6neticilerimiz ve ekibimizle m\u00fc\u015fterilerimizin ihtiya\u00e7lar\u0131 do\u011frultusunda hizmet vermekteyiz.<\/span>[\/vc_column_text][\/vc_column][vc_column width=&#8221;1\/2&#8243;][vc_column_text]<\/p>\n<h4><strong>Geri D\u00f6n\u00fc\u015f\u00fcm\u00fcn \u00d6nemi<\/strong><\/h4>\n<span style=\" font-size: 20px; line-height: 32px; color: #545454;\">Teknolojinin hayat\u0131m\u0131za girmesiyle birlikte \u00fcretilmeye ba\u015flanan \u00e7e\u015fitli elektronik aletlerin zamanla olu\u015fturdu\u011fu elektronik at\u0131klar\u0131n \u00e7evre kirlili\u011fine etkisini \u00f6nlemek ve do\u011fal kaynaklar\u0131n korunumu a\u00e7\u0131s\u0131ndan elektronik at\u0131klar\u0131n geri d\u00f6n\u00fc\u015f\u00fcmlerinin \u00f6nemi \u00e7ok b\u00fcy\u00fckt\u00fcr.<\/span>[\/vc_column_text][\/vc_column][\/vc_row][vc_row full_width=&#8221;stretch_row&#8221; css=&#8221;.vc_custom_1430128694464{padding-top: 60px !important;padding-bottom: 60px !important;background-image: url(http:\/\/kurumsal-0011.websitehavuzu.com\/wp-content\/uploads\/2014\/07\/home-biz-bg2.jpg?id=51) !important;background-position: center !important;background-repeat: no-repeat !important;background-size: cover !important;}&#8221; fullwidth_row=&#8221;yes&#8221;][vc_column][vc_column_text]<\/p>\n<h3>Misyonumuz ve Vizyonumuz<\/h3>\n<span style=\" font-size: 20px; color: #ce0027;\">Kaliteden \u00f6d\u00fcn vermeyen inovatif \u00e7\u00f6z\u00fcmler<\/span>\n<div class=\"spacer\" style=\"height: 5px;\"><\/div>\n<div id=\"main\">\n<div id=\"page-default\" class=\"container cs-wide\">\n<div class=\"row\">\n<div id=\"primary\" class=\"col-xs-12 col-sm-12 col-md-12 col-lg-12 page-full-width\">\n<div id=\"content\" role=\"main\">\n<article id=\"post-3474\" class=\"post-3474 page type-page status-publish has-post-thumbnail hentry\">\n<div class=\"entry-content\">\n<div class=\"vc_row wpb_row vc_row-fluid\">\n<div class=\"wpb_column vc_column_container vc_col-sm-12\">\n<div class=\"vc_column-inner \">\n<div class=\"wpb_wrapper\">\n<div class=\"wpb_text_column wpb_content_element \">\n<div class=\"wpb_wrapper\">\n<p><strong>RTG M\u00fchendislik<\/strong>\u00a0olarak siz de\u011ferli m\u00fc\u015fterilerimize bu g\u00fcne kadar verdi\u011fimiz hizmetler ve bundan sonra verece\u011fimiz hizmetler konusunda hedefimiz daima kalite olmu\u015ftur ve bu \u00e7izgi her daim \u00f6nemli olmaya devam edecektir.<\/p>\n<p><strong>Gaz Motorlar\u0131<\/strong>, <strong>Biyometan Gaz\u0131 Tesisleri,\u00a0<\/strong> <strong>Elektronik Geri D\u00f6n\u00fc\u015f\u00fcm, Is\u0131tma Sistemleri, K\u0131r\u0131c\u0131lar, Pano \u0130malat\u0131, Servis, Dan\u0131\u015fmanl\u0131k, Projelendirme, Sat\u0131\u015f, OG &amp; YG Hizmetleri, Elektrik taahh\u00fct &amp; Proje, Scada Sistemleri, PLC Programlama\u00a0 alanlar\u0131nda<\/strong>\u00a0m\u00fc\u015fterilerimizin talepleri do\u011frultusunda ihtiya\u00e7lar\u0131n\u0131 kar\u015f\u0131layarak, zaman\u0131nda ve ba\u015far\u0131l\u0131 bir \u015fekilde taahh\u00fct\u00fcm\u00fcz\u00fc ger\u00e7ekle\u015ftirmek, deneyimli ve yetkin ekibimizle en uygun tasar\u0131m, \u00e7\u00f6z\u00fcm ve hizmeti sa\u011flamak \u00f6ncelikli ama\u00e7lar\u0131m\u0131zdand\u0131r.<\/p>\n<p>Kariyer f\u0131rsatlar\u0131na a\u00e7\u0131k, keyifle \u00e7al\u0131\u015f\u0131lan ve \u00e7al\u0131\u015fmak i\u00e7in tercih edilen bir firma olmak.\u00a0 Payda\u015flar\u0131 ile b\u00fcy\u00fcmek ve onlara de\u011fer katmak.<\/p>\n<p>\u0130nsan ve \u00e7evreye olan sayg\u0131m\u0131z, do\u011fru ve a\u00e7\u0131k ileti\u015fim yakla\u015f\u0131m\u0131m\u0131zla g\u00fcven duyulan ve izlenen \u00e7\u00f6z\u00fcm orta\u011f\u0131 olmak, kaliteli hizmet sunmak, \u00e7\u00f6z\u00fcm odakl\u0131l\u0131k.<\/p>\n<p>&nbsp;<\/p>\n<\/div>\n<\/div>\n<\/div>\n<\/div>\n<\/div>\n<\/div>\n<\/div>\n<\/article>\n<\/div>\n<\/div>\n<\/div>\n<\/div>\n<\/div>\n<span style=\" font-size: 12px;\"><strong>Osman Do\u011fan, CEO<\/strong><\/span>[\/vc_column_text][\/vc_column][\/vc_row]<\/p>\n","protected":false},"excerpt":{"rendered":"<p>[vc_row css=&#8221;.vc_custom_1406305475310{margin-top: 60px !important;margin-bottom: 60px !important;}&#8221;][vc_column width=&#8221;1\/2&#8243;][vc_column_text][\/vc_column_text][\/vc_column][vc_column width=&#8221;1\/2&#8243;][vc_column_text] Geri D\u00f6n\u00fc\u015f\u00fcm\u00fcn \u00d6nemi [\/vc_column_text][\/vc_column][\/vc_row][vc_row full_width=&#8221;stretch_row&#8221; css=&#8221;.vc_custom_1430128694464{padding-top: 60px !important;padding-bottom: 60px !important;background-image: url(http:\/\/kurumsal-0011.websitehavuzu.com\/wp-content\/uploads\/2014\/07\/home-biz-bg2.jpg?id=51) !important;background-position: center !important;background-repeat: no-repeat !important;background-size: cover !important;}&#8221; fullwidth_row=&#8221;yes&#8221;][vc_column][vc_column_text] Misyonumuz ve Vizyonumuz RTG M\u00fchendislik\u00a0olarak siz de\u011ferli m\u00fc\u015fterilerimize bu g\u00fcne kadar verdi\u011fimiz hizmetler ve bundan sonra verece\u011fimiz hizmetler konusunda hedefimiz daima kalite olmu\u015ftur ve bu \u00e7izgi her daim..<\/p>\n","protected":false},"author":1,"featured_media":0,"parent":0,"menu_order":0,"comment_status":"open","ping_status":"closed","template":"template-full-page-header.php","meta":[],"_links":{"self":[{"href":"https:\/\/rtgmuhendislik.com\/index.php\/wp-json\/wp\/v2\/pages\/837"}],"collection":[{"href":"https:\/\/rtgmuhendislik.com\/index.php\/wp-json\/wp\/v2\/pages"}],"about":[{"href":"https:\/\/rtgmuhendislik.com\/index.php\/wp-json\/wp\/v2\/types\/page"}],"author":[{"embeddable":true,"href":"https:\/\/rtgmuhendislik.com\/index.php\/wp-json\/wp\/v2\/users\/1"}],"replies":[{"embeddable":true,"href":"https:\/\/rtgmuhendislik.com\/index.php\/wp-json\/wp\/v2\/comments?post=837"}],"version-history":[{"count":0,"href":"https:\/\/rtgmuhendislik.com\/index.php\/wp-json\/wp\/v2\/pages\/837\/revisions"}],"wp:attachment":[{"href":"https:\/\/rtgmuhendislik.com\/index.php\/wp-json\/wp\/v2\/media?parent=837"}],"curies":[{"name":"wp","href":"https:\/\/api.w.org\/{rel}","templated":true}]}}