





{"id":544,"date":"2014-07-12T20:13:55","date_gmt":"2014-07-12T14:43:55","guid":{"rendered":"http:\/\/localhost\/wordpress\/?page_id=544"},"modified":"2021-03-01T21:01:37","modified_gmt":"2021-03-01T18:01:37","slug":"home-biz-1","status":"publish","type":"page","link":"https:\/\/rtgmuhendislik.com\/","title":{"rendered":"Ana Sayfa"},"content":{"rendered":"<p>[vc_row fullwidth_row=&#8221;yes&#8221;][vc_column][rev_slider_vc alias=&#8221;home-biz&#8221;][\/vc_column][\/vc_row][vc_row css=&#8221;.vc_custom_1404974635234{margin-top: 60px !important;margin-bottom: 60px !important;}&#8221;][vc_column][vc_column_text]<\/p>\n<h1 style=\"text-align: center;\">Hizmetlerimiz<\/h1>\n<p>[\/vc_column_text][vc_row_inner][vc_column_inner width=&#8221;1\/3&#8243;]<div class='feature-icon wpb_custom_element' ><div class='feature-icon-top '><div class=\"feature-icon-wrapper-outer\"><i class=\"icon-refresh\"  style=\"color: #00a5ce;\"><\/i><\/div><div class='feature-icon-desc'><h5>Elektronik Geri D\u00f6n\u00fc\u015f\u00fcm<\/h5>Elektronik aletlerin zamanla olu\u015fturudu\u011fu<br \/>\nelektronik at\u0131klar\u0131n geri d\u00f6\u015f\u00fcn\u00fcm\u00fcn\u00fc yapan<br \/>\ntesislerin kurulumunu, devreye almas\u0131n\u0131<br \/>\nve bak\u0131m hizmetlerini yapmaktay\u0131z<\/p>\n<p><a href=\"#\">Devam\u0131&#8230;<\/a><\/div><\/div><\/div>[\/vc_column_inner][vc_column_inner width=&#8221;1\/3&#8243;]<div class='feature-icon wpb_custom_element' ><div class='feature-icon-top '><div class=\"feature-icon-wrapper-outer\"><i class=\"icon-pencil\"  style=\"color: #ce3f00;\"><\/i><\/div><div class='feature-icon-desc'><h5>Dan\u0131\u015fmanl\u0131k<\/h5>\u00c7al\u0131\u015fmas\u0131n\u0131 y\u00fcr\u00fctt\u00fc\u011f\u00fcn\u00fcz projelerinizdeki<br \/>\nproblemlerinizde dan\u0131\u015fmanl\u0131k hizmeti<br \/>\nvermekteyiz.<\/p>\n<p><a href=\"#\">Devam\u0131&#8230;<\/a><\/div><\/div><\/div>[\/vc_column_inner][vc_column_inner width=&#8221;1\/3&#8243;]<div class='feature-icon wpb_custom_element' ><div class='feature-icon-top '><div class=\"feature-icon-wrapper-outer\"><i class=\"icon-puzzle\"  style=\"color: #0061ce;\"><\/i><\/div><div class='feature-icon-desc'><h5>PLC Programlama<\/h5>Tesis yada i\u015fletmelerinizde, makinelerinizi<br \/>\nistekleriniz do\u011frultusunda revizyon; talep<br \/>\netti\u011finiz senaryoya uygun programlama<br \/>\nhizmeti sa\u011flamaktay\u0131z.<\/p>\n<p><a href=\"#\">Devam\u0131&#8230;<\/a><\/div><\/div><\/div>[\/vc_column_inner][\/vc_row_inner][vc_column_text css=&#8221;.vc_custom_1614617814602{margin-top: 50px !important;}&#8221;]<\/p>\n<p style=\"text-align: center;\"><a class=\"mybtn mybtn-big mybtn-green\" target=\"_self\"  href=\"#\"><span class=\"btn-icon\"><i class=\"icon-settings-streamline-2\"><\/i><\/span>D\u0130\u011eER H\u0130ZMETLER\u0130M\u0130Z<\/a>\n<p>[\/vc_column_text][\/vc_column][\/vc_row][vc_row full_width=&#8221;stretch_row&#8221; css=&#8221;.vc_custom_1430127530238{padding-top: 60px !important;padding-bottom: 60px !important;background-color: #f4f4f4 !important;}&#8221; fullwidth_row=&#8221;yes&#8221;][vc_column width=&#8221;1\/2&#8243;][vc_single_image image=&#8221;3211&#8243; img_size=&#8221;650&#215;533&#8243;][\/vc_column][vc_column width=&#8221;1\/2&#8243;][vc_column_text]<span style=\"font-size: 24px;\">Geri d\u00f6n\u00fc\u015f\u00fcm\u00fcn en \u00f6nemli amac\u0131, at\u0131k \u00e7\u00f6p miktar\u0131n\u0131 azaltmak ve kaynaklar\u0131n t\u00fckenmesini \u00f6nlemek, kaynaklar\u0131n l\u00fczumsuz kullan\u0131m\u0131n\u0131n \u00f6n\u00fcne ge\u00e7mektir.<br \/>\nFirmam\u0131z, geri d\u00f6n\u00fc\u015f\u00fcm ve paralel sekt\u00f6relerin mekatronik hizmetleri konusunda uzmand\u0131r.<\/span>[\/vc_column_text][vc_accordion][vc_accordion_tab title=&#8221;Neler yap\u0131yoruz?&#8221;][vc_column_text]Geri d\u00f6n\u00fc\u015f\u00fcm tesisleri ba\u015fta olmak \u00fczere genel makine ve \u00f6zel k\u0131r\u0131c\u0131<br \/>\nmakinelerin temini, montaj\u0131 ve devreye al\u0131nmas\u0131, Tesislerin otomasyon<br \/>\nsistemlerinin kurulum i\u015fleri.[\/vc_column_text][\/vc_accordion_tab][vc_accordion_tab title=&#8221;\u00c7al\u0131\u015fma us\u00fcl\u00fcm\u00fcz?&#8221;][vc_column_text][\/vc_column_text][\/vc_accordion_tab][vc_accordion_tab title=&#8221;Geri d\u00f6n\u00fc\u015f\u00fcm sekt\u00f6r\u00fcne yakla\u015f\u0131m\u0131m\u0131z?&#8221;][vc_column_text][\/vc_column_text][\/vc_accordion_tab][\/vc_accordion][\/vc_column][\/vc_row][vc_row full_width=&#8221;stretch_row&#8221; css=&#8221;.vc_custom_1614595880263{background-image: url(https:\/\/rtgmuhendislik.com\/wp-content\/uploads\/2021\/03\/rtg.png?id=3213) !important;background-position: center !important;background-repeat: no-repeat !important;background-size: cover !important;}&#8221; fullwidth_row=&#8221;yes&#8221;][vc_column width=&#8221;1\/2&#8243;]<div class='box wpb_custom_element clearfix' style=\"background-color: #596567;padding: 34px 60px 34px 60px ;\"><\/p>\n<h4><span style=\" color: #ffffff;\">Yandeki butonu kullanarak<br \/>\ns\u0131f\u0131r at\u0131k politikas\u0131n\u0131n \u00f6nemi konulu<br \/>\nvideoya eri\u015febilirsiniz<\/span><\/h4>\n<p><\/div>[\/vc_column][vc_column width=&#8221;1\/2&#8243; css=&#8221;.vc_custom_1410357910501{padding-top: 60px !important;padding-right: 60px !important;padding-bottom: 55px !important;padding-left: 60px !important;}&#8221;]<div class='zoom-button' style=\"border: 3px solid #ffffff\"><a title=\"\" style=\"color: #ffffff;\" href=\"https:\/\/www.youtube.com\/watch?v=3MML1kL1hQw\" data-rel=\"prettyPhoto\"><i class=\"icon-play4 zoom-btn-icon\" style=\"color: #ffffff;\"><\/i><span class=\"zoom-btn-text\">SIFIR ATIK<\/span><\/a><\/div>[\/vc_column][\/vc_row][vc_row full_width=&#8221;stretch_row&#8221; css=&#8221;.vc_custom_1430127673649{padding-top: 60px !important;padding-bottom: 60px !important;background-image: url(http:\/\/kurumsal-0011.websitehavuzu.com\/wp-content\/uploads\/2014\/07\/geometry2.png?id=60) !important;}&#8221; fullwidth_row=&#8221;yes&#8221;][vc_column][vc_column_text]<\/p>\n<h2 style=\"text-align: center;\">Hizmet \u00dcretme Politikam\u0131z<\/h2>\n<p style=\"text-align: center;\">Her a\u015famas\u0131 otokontrol ve y\u00f6netim sistemleri ile denetlenen i\u015f ak\u0131\u015f\u0131m\u0131z\u0131 daha yak\u0131ndan tan\u0131y\u0131n<\/p>\n<p>[\/vc_column_text][rev_slider_vc alias=&#8221;the-process&#8221;][vc_column_text]<\/p>\n<p style=\"text-align: center;\"><span style=\" font-size: 18px;\">Daha detayl\u0131 bilgi almak i\u00e7in butona t\u0131klay\u0131n<\/span><span class=\"spacer-wide\" style=\"width: 10px;\"><\/span><a class=\"mybtn mybtn-green\" target=\"_blank\" >DETAYLAR<\/a>\n<p>[\/vc_column_text][\/vc_column][\/vc_row][vc_row css=&#8221;.vc_custom_1404978273933{margin-top: 60px !important;margin-bottom: 60px !important;}&#8221;][vc_column width=&#8221;1\/2&#8243;][vc_column_text]<\/p>\n<h4>M\u00fc\u015fterilerimizin Yorumlar\u0131<\/h4>\n<p>[\/vc_column_text]<div class=\" testimonial-carousel wpb_custom_element testimonial-simple\"><div class=\"item clearfix\"><div class=\"testimonial-content clearfix\"><p>Alan\u0131nda uzman \u00e7al\u0131\u015fanlar\u0131 ve kadrosu ile birlikte vermi\u015f olduklar\u0131 Biogaz \u00fcretim tesisi kurulum hizmetleri bizleri son derece memnun ve bilgili bir \u015fekilde b\u0131rakm\u0131\u015ft\u0131r. \u00d6zellikle tesis kurulumu sonras\u0131 i\u015f ba\u015f\u0131 e\u011fitim pro\u011framlar\u0131 ger\u00e7ekten harika \u00c7al\u0131\u015fanlar\u0131m\u0131za ve bizlere olan katk\u0131lar\u0131ndan dolay\u0131 bir kez daha <strong>RTG M\u00fchendisli\u011fe<\/strong> te\u015fekk\u00fcr ederiz.\u201d<\/p>\n<\/div><div class=\"client-img\"><img width=\"100\" height=\"100\" src=\"https:\/\/rtgmuhendislik.com\/wp-content\/uploads\/2014\/07\/ali-hasan-rtg-muhendislik.png\" class=\"attachment-full size-full wp-post-image\" alt=\"\" decoding=\"async\" loading=\"lazy\" \/><\/div><h5 class=\"testimonial-heading\">Ali Hasan \u00d6z<\/h5><span class=\"testimonial-subheading\">Ya\u015far Makina \/ \u0130nsan Kaynaklar\u0131 Sorumlusu<\/span><\/div><\/div>[\/vc_column][vc_column width=&#8221;1\/2&#8243;][vc_column_text]<\/p>\n<h4>Katalo\u011fumuz<\/h4>\n<p>[\/vc_column_text][vc_row_inner][vc_column_inner width=&#8221;2\/3&#8243;][vc_column_text]Sundu\u011fumuz hizmetleri, projelerimizi, i\u015f ak\u0131\u015f \u015femalar\u0131m\u0131z\u0131 ve referasnlar\u0131m\u0131z\u0131 daha yak\u0131ndan incelemek i\u00e7in yandaki icona t\u0131klay\u0131n\u0131z. Katalo\u011fumuz ayr\u0131 bir sekmede PDF format\u0131nda a\u00e7\u0131lacakt\u0131r. A\u00e7\u0131lan sayfadan sa\u011f \u00fcst k\u0131s\u0131mdaki a\u015fa\u011f\u0131 do\u011fru oka t\u0131klayarak katalo\u011fumuzu indirebilirsiniz.[\/vc_column_text][\/vc_column_inner][vc_column_inner width=&#8221;1\/3&#8243;][vc_single_image image=&#8221;3218&#8243; img_size=&#8221;140&#215;167&#8243; onclick=&#8221;custom_link&#8221; img_link=&#8221;#&#8221; link=&#8221;#&#8221;][\/vc_column_inner][\/vc_row_inner][\/vc_column][\/vc_row][vc_row full_width=&#8221;stretch_row&#8221; css=&#8221;.vc_custom_1430127602341{padding-top: 60px !important;padding-bottom: 60px !important;background-color: #f4f4f4 !important;}&#8221; fullwidth_row=&#8221;yes&#8221;][vc_column][vc_column_text]<\/p>\n<h2 style=\"text-align: center;\">Tamamlanan Projelerimiz<\/h2>\n<p>[\/vc_column_text][vc_column_text css=&#8221;.vc_custom_1614621694402{margin-top: 60px !important;}&#8221;]<\/p>\n<p style=\"text-align: center;\"><span style=\" font-size: 24px;\">Projelerimizi incelemek i\u00e7in butona t\u0131klay\u0131n<\/span><span class=\"spacer-wide\" style=\"width: 15px;\"><\/span><a class=\"mybtn mybtn-big mybtn-green\" target=\"\"  href=\"https:\/\/rtgmuhendislik.com\/index.php\/projelerimiz\/\"><span class=\"btn-icon\"><i class=\"icon-picture-streamline\"><\/i><\/span>PROJELER\u0130M\u0130Z<\/a>\n<p>[\/vc_column_text][\/vc_column][\/vc_row]<\/p>\n","protected":false},"excerpt":{"rendered":"<p>[vc_row fullwidth_row=&#8221;yes&#8221;][vc_column][rev_slider_vc alias=&#8221;home-biz&#8221;][\/vc_column][\/vc_row][vc_row css=&#8221;.vc_custom_1404974635234{margin-top: 60px !important;margin-bottom: 60px !important;}&#8221;][vc_column][vc_column_text] Hizmetlerimiz [\/vc_column_text][vc_row_inner][vc_column_inner width=&#8221;1\/3&#8243;][\/vc_column_inner][vc_column_inner width=&#8221;1\/3&#8243;][\/vc_column_inner][vc_column_inner width=&#8221;1\/3&#8243;][\/vc_column_inner][\/vc_row_inner][vc_column_text css=&#8221;.vc_custom_1614617814602{margin-top: 50px !important;}&#8221;] [\/vc_column_text][\/vc_column][\/vc_row][vc_row full_width=&#8221;stretch_row&#8221; css=&#8221;.vc_custom_1430127530238{padding-top: 60px !important;padding-bottom: 60px !important;background-color: #f4f4f4 !important;}&#8221; fullwidth_row=&#8221;yes&#8221;][vc_column width=&#8221;1\/2&#8243;][vc_single_image image=&#8221;3211&#8243; img_size=&#8221;650&#215;533&#8243;][\/vc_column][vc_column width=&#8221;1\/2&#8243;][vc_column_text]Geri d\u00f6n\u00fc\u015f\u00fcm\u00fcn en \u00f6nemli amac\u0131, at\u0131k \u00e7\u00f6p miktar\u0131n\u0131 azaltmak ve kaynaklar\u0131n t\u00fckenmesini \u00f6nlemek, kaynaklar\u0131n l\u00fczumsuz kullan\u0131m\u0131n\u0131n \u00f6n\u00fcne ge\u00e7mektir. Firmam\u0131z, geri d\u00f6n\u00fc\u015f\u00fcm ve paralel sekt\u00f6relerin mekatronik hizmetleri..<\/p>\n","protected":false},"author":1,"featured_media":3211,"parent":0,"menu_order":0,"comment_status":"open","ping_status":"open","template":"template-full.php","meta":[],"_links":{"self":[{"href":"https:\/\/rtgmuhendislik.com\/index.php\/wp-json\/wp\/v2\/pages\/544"}],"collection":[{"href":"https:\/\/rtgmuhendislik.com\/index.php\/wp-json\/wp\/v2\/pages"}],"about":[{"href":"https:\/\/rtgmuhendislik.com\/index.php\/wp-json\/wp\/v2\/types\/page"}],"author":[{"embeddable":true,"href":"https:\/\/rtgmuhendislik.com\/index.php\/wp-json\/wp\/v2\/users\/1"}],"replies":[{"embeddable":true,"href":"https:\/\/rtgmuhendislik.com\/index.php\/wp-json\/wp\/v2\/comments?post=544"}],"version-history":[{"count":0,"href":"https:\/\/rtgmuhendislik.com\/index.php\/wp-json\/wp\/v2\/pages\/544\/revisions"}],"wp:featuredmedia":[{"embeddable":true,"href":"https:\/\/rtgmuhendislik.com\/index.php\/wp-json\/wp\/v2\/media\/3211"}],"wp:attachment":[{"href":"https:\/\/rtgmuhendislik.com\/index.php\/wp-json\/wp\/v2\/media?parent=544"}],"curies":[{"name":"wp","href":"https:\/\/api.w.org\/{rel}","templated":true}]}}