





{"id":3333,"date":"2021-03-01T20:37:51","date_gmt":"2021-03-01T17:37:51","guid":{"rendered":"https:\/\/rtgmuhendislik.com\/?page_id=3333"},"modified":"2021-03-01T20:37:51","modified_gmt":"2021-03-01T17:37:51","slug":"plc-programlama-2","status":"publish","type":"page","link":"https:\/\/rtgmuhendislik.com\/index.php\/plc-programlama-2\/","title":{"rendered":"PLC Programlama"},"content":{"rendered":"<p>[vc_row][vc_column][vc_empty_space][\/vc_column][\/vc_row][vc_row][vc_column][vc_custom_heading text=&#8221;PLC Programlama&#8221; font_container=&#8221;tag:h3|text_align:left&#8221;][\/vc_column][\/vc_row][vc_row][vc_column width=&#8221;2\/3&#8243;][vc_column_text]Tesis yada i\u015fletmelerinizde, makinelerinizi istekleriniz do\u011frultusunda revizyon; talep etti\u011finiz senaryoya uygun programlama hizmeti sa\u011flamaktay\u0131z.<\/p>\n<p>Tesis yada i\u015fletmelerinizde gerek revizyon gerek senaryonya uygun yaz\u0131l\u0131m destek hizmeti sa\u011flamaktay\u0131z.[\/vc_column_text][\/vc_column][vc_column width=&#8221;1\/3&#8243;][vc_single_image image=&#8221;3334&#8243; img_size=&#8221;full&#8221;][\/vc_column][\/vc_row]<\/p>\n","protected":false},"excerpt":{"rendered":"<p>[vc_row][vc_column][vc_empty_space][\/vc_column][\/vc_row][vc_row][vc_column][vc_custom_heading text=&#8221;PLC Programlama&#8221; font_container=&#8221;tag:h3|text_align:left&#8221;][\/vc_column][\/vc_row][vc_row][vc_column width=&#8221;2\/3&#8243;][vc_column_text]Tesis yada i\u015fletmelerinizde, makinelerinizi istekleriniz do\u011frultusunda revizyon; talep etti\u011finiz senaryoya uygun programlama hizmeti sa\u011flamaktay\u0131z. Tesis yada i\u015fletmelerinizde gerek revizyon gerek senaryonya uygun yaz\u0131l\u0131m destek hizmeti sa\u011flamaktay\u0131z.[\/vc_column_text][\/vc_column][vc_column width=&#8221;1\/3&#8243;][vc_single_image image=&#8221;3334&#8243; img_size=&#8221;full&#8221;][\/vc_column][\/vc_row]<\/p>\n","protected":false},"author":1,"featured_media":0,"parent":0,"menu_order":0,"comment_status":"closed","ping_status":"closed","template":"","meta":[],"_links":{"self":[{"href":"https:\/\/rtgmuhendislik.com\/index.php\/wp-json\/wp\/v2\/pages\/3333"}],"collection":[{"href":"https:\/\/rtgmuhendislik.com\/index.php\/wp-json\/wp\/v2\/pages"}],"about":[{"href":"https:\/\/rtgmuhendislik.com\/index.php\/wp-json\/wp\/v2\/types\/page"}],"author":[{"embeddable":true,"href":"https:\/\/rtgmuhendislik.com\/index.php\/wp-json\/wp\/v2\/users\/1"}],"replies":[{"embeddable":true,"href":"https:\/\/rtgmuhendislik.com\/index.php\/wp-json\/wp\/v2\/comments?post=3333"}],"version-history":[{"count":0,"href":"https:\/\/rtgmuhendislik.com\/index.php\/wp-json\/wp\/v2\/pages\/3333\/revisions"}],"wp:attachment":[{"href":"https:\/\/rtgmuhendislik.com\/index.php\/wp-json\/wp\/v2\/media?parent=3333"}],"curies":[{"name":"wp","href":"https:\/\/api.w.org\/{rel}","templated":true}]}}