





{"id":3307,"date":"2021-03-01T20:20:51","date_gmt":"2021-03-01T17:20:51","guid":{"rendered":"https:\/\/rtgmuhendislik.com\/?page_id=3307"},"modified":"2021-03-01T20:20:51","modified_gmt":"2021-03-01T17:20:51","slug":"pano-imalati","status":"publish","type":"page","link":"https:\/\/rtgmuhendislik.com\/index.php\/pano-imalati\/","title":{"rendered":"Pano \u0130malat\u0131"},"content":{"rendered":"<p>[vc_row][vc_column][vc_empty_space][\/vc_column][\/vc_row][vc_row][vc_column][vc_custom_heading text=&#8221;Pano \u0130malat\u0131&#8221; font_container=&#8221;tag:h3|text_align:left&#8221;][\/vc_column][\/vc_row][vc_row][vc_column width=&#8221;2\/3&#8243;][vc_column_text]Uzman kadromuz ile her t\u00fcrl\u00fc pano imalat\u0131nda hizmetinizdeyiz.[\/vc_column_text][\/vc_column][vc_column width=&#8221;1\/3&#8243;][vc_single_image image=&#8221;3308&#8243; img_size=&#8221;full&#8221;][\/vc_column][\/vc_row]<\/p>\n","protected":false},"excerpt":{"rendered":"<p>[vc_row][vc_column][vc_empty_space][\/vc_column][\/vc_row][vc_row][vc_column][vc_custom_heading text=&#8221;Pano \u0130malat\u0131&#8221; font_container=&#8221;tag:h3|text_align:left&#8221;][\/vc_column][\/vc_row][vc_row][vc_column width=&#8221;2\/3&#8243;][vc_column_text]Uzman kadromuz ile her t\u00fcrl\u00fc pano imalat\u0131nda hizmetinizdeyiz.[\/vc_column_text][\/vc_column][vc_column width=&#8221;1\/3&#8243;][vc_single_image image=&#8221;3308&#8243; img_size=&#8221;full&#8221;][\/vc_column][\/vc_row]<\/p>\n","protected":false},"author":1,"featured_media":0,"parent":0,"menu_order":0,"comment_status":"closed","ping_status":"closed","template":"","meta":[],"_links":{"self":[{"href":"https:\/\/rtgmuhendislik.com\/index.php\/wp-json\/wp\/v2\/pages\/3307"}],"collection":[{"href":"https:\/\/rtgmuhendislik.com\/index.php\/wp-json\/wp\/v2\/pages"}],"about":[{"href":"https:\/\/rtgmuhendislik.com\/index.php\/wp-json\/wp\/v2\/types\/page"}],"author":[{"embeddable":true,"href":"https:\/\/rtgmuhendislik.com\/index.php\/wp-json\/wp\/v2\/users\/1"}],"replies":[{"embeddable":true,"href":"https:\/\/rtgmuhendislik.com\/index.php\/wp-json\/wp\/v2\/comments?post=3307"}],"version-history":[{"count":0,"href":"https:\/\/rtgmuhendislik.com\/index.php\/wp-json\/wp\/v2\/pages\/3307\/revisions"}],"wp:attachment":[{"href":"https:\/\/rtgmuhendislik.com\/index.php\/wp-json\/wp\/v2\/media?parent=3307"}],"curies":[{"name":"wp","href":"https:\/\/api.w.org\/{rel}","templated":true}]}}