





{"id":3287,"date":"2021-03-01T20:08:44","date_gmt":"2021-03-01T17:08:44","guid":{"rendered":"https:\/\/rtgmuhendislik.com\/?page_id=3287"},"modified":"2021-03-01T20:09:48","modified_gmt":"2021-03-01T17:09:48","slug":"gaz-motorlari","status":"publish","type":"page","link":"https:\/\/rtgmuhendislik.com\/index.php\/gaz-motorlari\/","title":{"rendered":"Gaz Motorlar\u0131"},"content":{"rendered":"<p>[vc_row][vc_column][vc_empty_space][\/vc_column][\/vc_row][vc_row][vc_column][vc_custom_heading text=&#8221;Gaz Motorlar\u0131&#8221; font_container=&#8221;tag:h3|text_align:left&#8221;][\/vc_column][\/vc_row][vc_row][vc_column width=&#8221;2\/3&#8243;][vc_column_text]Do\u011fal gaz veya Biyogaz ile \u00e7al\u0131\u015fan gaz motorlar\u0131n\u0131n konteyner yap\u0131m a\u015famas\u0131ndan kurulum ve devreye almas\u0131na kadar t\u00fcm hizmetlerini vermekteyiz.<\/p>\n<p><strong>\u00c7al\u0131\u015ft\u0131\u011f\u0131m\u0131z markalar<\/strong><\/p>\n<ul>\n<li>Jenbacher<\/li>\n<li>MTU<\/li>\n<li>CAT<\/li>\n<li>MWM<\/li>\n<\/ul>\n<p>[\/vc_column_text][\/vc_column][vc_column width=&#8221;1\/3&#8243;][vc_single_image image=&#8221;3288&#8243; img_size=&#8221;full&#8221;][\/vc_column][\/vc_row]<\/p>\n","protected":false},"excerpt":{"rendered":"<p>[vc_row][vc_column][vc_empty_space][\/vc_column][\/vc_row][vc_row][vc_column][vc_custom_heading text=&#8221;Gaz Motorlar\u0131&#8221; font_container=&#8221;tag:h3|text_align:left&#8221;][\/vc_column][\/vc_row][vc_row][vc_column width=&#8221;2\/3&#8243;][vc_column_text]Do\u011fal gaz veya Biyogaz ile \u00e7al\u0131\u015fan gaz motorlar\u0131n\u0131n konteyner yap\u0131m a\u015famas\u0131ndan kurulum ve devreye almas\u0131na kadar t\u00fcm hizmetlerini vermekteyiz. \u00c7al\u0131\u015ft\u0131\u011f\u0131m\u0131z markalar Jenbacher MTU CAT MWM [\/vc_column_text][\/vc_column][vc_column width=&#8221;1\/3&#8243;][vc_single_image image=&#8221;3288&#8243; img_size=&#8221;full&#8221;][\/vc_column][\/vc_row]<\/p>\n","protected":false},"author":1,"featured_media":0,"parent":0,"menu_order":0,"comment_status":"closed","ping_status":"closed","template":"","meta":[],"_links":{"self":[{"href":"https:\/\/rtgmuhendislik.com\/index.php\/wp-json\/wp\/v2\/pages\/3287"}],"collection":[{"href":"https:\/\/rtgmuhendislik.com\/index.php\/wp-json\/wp\/v2\/pages"}],"about":[{"href":"https:\/\/rtgmuhendislik.com\/index.php\/wp-json\/wp\/v2\/types\/page"}],"author":[{"embeddable":true,"href":"https:\/\/rtgmuhendislik.com\/index.php\/wp-json\/wp\/v2\/users\/1"}],"replies":[{"embeddable":true,"href":"https:\/\/rtgmuhendislik.com\/index.php\/wp-json\/wp\/v2\/comments?post=3287"}],"version-history":[{"count":0,"href":"https:\/\/rtgmuhendislik.com\/index.php\/wp-json\/wp\/v2\/pages\/3287\/revisions"}],"wp:attachment":[{"href":"https:\/\/rtgmuhendislik.com\/index.php\/wp-json\/wp\/v2\/media?parent=3287"}],"curies":[{"name":"wp","href":"https:\/\/api.w.org\/{rel}","templated":true}]}}