





{"id":21,"date":"2020-07-01T11:54:27","date_gmt":"2020-07-01T08:54:27","guid":{"rendered":"http:\/\/wordpress.tanshcreative.com\/quezal\/?page_id=21"},"modified":"2021-03-25T14:41:12","modified_gmt":"2021-03-25T11:41:12","slug":"iletisim","status":"publish","type":"page","link":"https:\/\/rtgmuhendislik.com\/index.php\/iletisim\/","title":{"rendered":"\u0130leti\u015fim"},"content":{"rendered":"<p>[vc_row css=&#8221;.vc_custom_1405269005776{margin-top: 60px !important;margin-bottom: 60px !important;}&#8221;][vc_column width=&#8221;1\/2&#8243;][vc_column_text]<span style=\" font-size: 24px; line-height: 30px;\">Bizimle ileti\u015fime ge\u00e7mek ister misin? A\u015fa\u011f\u0131daki formu doldurun, size geri d\u00f6nece\u011fiz.<\/span>[\/vc_column_text][vc_column_text]\n<div class=\"wpcf7 no-js\" id=\"wpcf7-f5-o1\" lang=\"tr-TR\" dir=\"ltr\">\n<div class=\"screen-reader-response\"><p role=\"status\" aria-live=\"polite\" aria-atomic=\"true\"><\/p> <ul><\/ul><\/div>\n<form action=\"\/index.php\/wp-json\/wp\/v2\/pages\/21#wpcf7-f5-o1\" method=\"post\" class=\"wpcf7-form init\" aria-label=\"Contact form\" novalidate=\"novalidate\" data-status=\"init\">\n<div style=\"display: none;\">\n<input type=\"hidden\" name=\"_wpcf7\" value=\"5\" \/>\n<input type=\"hidden\" name=\"_wpcf7_version\" value=\"5.7.6\" \/>\n<input type=\"hidden\" name=\"_wpcf7_locale\" value=\"tr_TR\" \/>\n<input type=\"hidden\" name=\"_wpcf7_unit_tag\" value=\"wpcf7-f5-o1\" \/>\n<input type=\"hidden\" name=\"_wpcf7_container_post\" value=\"0\" \/>\n<input type=\"hidden\" name=\"_wpcf7_posted_data_hash\" value=\"\" \/>\n<\/div>\n<p><label> Ad\u0131n\u0131z<br \/>\n<span class=\"wpcf7-form-control-wrap\" data-name=\"your-name\"><input size=\"40\" class=\"wpcf7-form-control wpcf7-text wpcf7-validates-as-required\" aria-required=\"true\" aria-invalid=\"false\" value=\"\" type=\"text\" name=\"your-name\" \/><\/span> <\/label>\n<\/p>\n<p><label> E-posta adresiniz<br \/>\n<span class=\"wpcf7-form-control-wrap\" data-name=\"your-email\"><input size=\"40\" class=\"wpcf7-form-control wpcf7-text wpcf7-email wpcf7-validates-as-required wpcf7-validates-as-email\" aria-required=\"true\" aria-invalid=\"false\" value=\"\" type=\"email\" name=\"your-email\" \/><\/span> <\/label>\n<\/p>\n<p><label> Konu<br \/>\n<span class=\"wpcf7-form-control-wrap\" data-name=\"your-subject\"><input size=\"40\" class=\"wpcf7-form-control wpcf7-text wpcf7-validates-as-required\" aria-required=\"true\" aria-invalid=\"false\" value=\"\" type=\"text\" name=\"your-subject\" \/><\/span> <\/label>\n<\/p>\n<p><label> \u0130letiniz (tercihe ba\u011fl\u0131)<br \/>\n<span class=\"wpcf7-form-control-wrap\" data-name=\"your-message\"><textarea cols=\"40\" rows=\"10\" class=\"wpcf7-form-control wpcf7-textarea\" aria-invalid=\"false\" name=\"your-message\"><\/textarea><\/span> <\/label>\n<\/p>\n<p><input class=\"wpcf7-form-control has-spinner wpcf7-submit\" type=\"submit\" value=\"G\u00f6nder\" \/>\n<\/p><div class=\"wpcf7-response-output\" aria-hidden=\"true\"><\/div>\n<\/form>\n<\/div>\n[\/vc_column_text][\/vc_column][vc_column width=&#8221;1\/2&#8243;]<div class='feature-icon wpb_custom_element' ><div class='feature-icon-left '><div class=\"feature-icon-wrapper-outer\"><i class=\"icon-map-pin\"  style=\"color: #ffffff;\"><\/i><\/div><div class='feature-icon-desc'><\/p>\n<h4>RTG M\u00fchendislik Enerji ve Geri D\u00f6n\u00fc\u015f\u00fcm Sistemleri \u0130HR. \u0130TL. SAN. ve T\u0130C. LTD. \u015eT\u0130.<\/h4>\n<p>Sanayi Mh. Beylik Sk. No.2\/1<br \/>\n\u0130zmit\/Kocaeli<\/p>\n<p>Tel: 0 262 342 40 19 &#8211; 0 534 292 66 58<\/p>\n<p><a href=\"mailto:info@rtgm\u00fchendislik.com\">info@rtgm\u00fchendislik.com<\/a><\/div><\/div><\/div>[vc_gmaps link=&#8221;#E-8_JTNDaWZyYW1lJTIwc3JjJTNEJTIyaHR0cHMlM0ElMkYlMkZ3d3cuZ29vZ2xlLmNvbSUyRm1hcHMlMkZlbWJlZCUzRnBiJTNEJTIxMW0xOCUyMTFtMTIlMjExbTMlMjExZDMwMjIuMjY1MzY2MTAxNTMyJTIxMmQyOS45NTIyNTgzMTU0OTg3NSUyMTNkNDAuNzU2MTg3ODQyODQ3NzglMjEybTMlMjExZjAlMjEyZjAlMjEzZjAlMjEzbTIlMjExaTEwMjQlMjEyaTc2OCUyMTRmMTMuMSUyMTNtMyUyMTFtMiUyMTFzMHgxNGNiNDU1ZWZjZmE0ZGU5JTI1M0EweDJiYjhkY2E4NjhlMmQ5MWUlMjEyc1NhbmF5aSUyNTJDJTI1MjBCYW51JTI1MjBTay4lMjUyME5vJTI1M0EyJTI1MkMlMjUyMDQxMDQwJTI1MjAlMjVDNCUyNUIwem1pdCUyNTJGS29jYWVsaSUyMTVlMCUyMTNtMiUyMTFzdHIlMjEyc3RyJTIxNHYxNjE2NjcyNDY3MDYxJTIxNW0yJTIxMXN0ciUyMTJzdHIlMjIlMjB3aWR0aCUzRCUyMjYwMCUyMiUyMGhlaWdodCUzRCUyMjQ1MCUyMiUyMHN0eWxlJTNEJTIyYm9yZGVyJTNBMCUzQiUyMiUyMGFsbG93ZnVsbHNjcmVlbiUzRCUyMiUyMiUyMGxvYWRpbmclM0QlMjJsYXp5JTIyJTNFJTNDJTJGaWZyYW1lJTNF&#8221; size=&#8221;200&#8243;][vc_column_text]<\/p>\n<h4>A\u00e7\u0131l\u0131\u015f &#8211; Kapan\u0131\u015f G\u00fcn ve Saatleri<\/h4>\n<p>[\/vc_column_text]<p class='list-icon list-icon-border' style=\"color: #545454;font-size: 18px;\"><i class='icon-clock6' style=\"color: #b8b8b8;font-size: 18px;\"><\/i>Pazartesi &#8211; Cumartesi &#8211; 08:00\u00a0 17:00<\/p><p class='list-icon list-icon-border' style=\"color: #545454;font-size: 18px;\"><i class='icon-clock6' style=\"color: #b8b8b8;font-size: 18px;\"><\/i>Pazar Kapal\u0131<\/p>[\/vc_column][\/vc_row]<\/p>\n","protected":false},"excerpt":{"rendered":"<p>[vc_row css=&#8221;.vc_custom_1405269005776{margin-top: 60px !important;margin-bottom: 60px !important;}&#8221;][vc_column width=&#8221;1\/2&#8243;][vc_column_text][\/vc_column_text][vc_column_text][\/vc_column_text][\/vc_column][vc_column width=&#8221;1\/2&#8243;][vc_gmaps link=&#8221;#E-8_JTNDaWZyYW1lJTIwc3JjJTNEJTIyaHR0cHMlM0ElMkYlMkZ3d3cuZ29vZ2xlLmNvbSUyRm1hcHMlMkZlbWJlZCUzRnBiJTNEJTIxMW0xOCUyMTFtMTIlMjExbTMlMjExZDMwMjIuMjY1MzY2MTAxNTMyJTIxMmQyOS45NTIyNTgzMTU0OTg3NSUyMTNkNDAuNzU2MTg3ODQyODQ3NzglMjEybTMlMjExZjAlMjEyZjAlMjEzZjAlMjEzbTIlMjExaTEwMjQlMjEyaTc2OCUyMTRmMTMuMSUyMTNtMyUyMTFtMiUyMTFzMHgxNGNiNDU1ZWZjZmE0ZGU5JTI1M0EweDJiYjhkY2E4NjhlMmQ5MWUlMjEyc1NhbmF5aSUyNTJDJTI1MjBCYW51JTI1MjBTay4lMjUyME5vJTI1M0EyJTI1MkMlMjUyMDQxMDQwJTI1MjAlMjVDNCUyNUIwem1pdCUyNTJGS29jYWVsaSUyMTVlMCUyMTNtMiUyMTFzdHIlMjEyc3RyJTIxNHYxNjE2NjcyNDY3MDYxJTIxNW0yJTIxMXN0ciUyMTJzdHIlMjIlMjB3aWR0aCUzRCUyMjYwMCUyMiUyMGhlaWdodCUzRCUyMjQ1MCUyMiUyMHN0eWxlJTNEJTIyYm9yZGVyJTNBMCUzQiUyMiUyMGFsbG93ZnVsbHNjcmVlbiUzRCUyMiUyMiUyMGxvYWRpbmclM0QlMjJsYXp5JTIyJTNFJTNDJTJGaWZyYW1lJTNF&#8221; size=&#8221;200&#8243;][vc_column_text] A\u00e7\u0131l\u0131\u015f &#8211; Kapan\u0131\u015f G\u00fcn ve Saatleri [\/vc_column_text][\/vc_column][\/vc_row]<\/p>\n","protected":false},"author":1,"featured_media":0,"parent":0,"menu_order":0,"comment_status":"open","ping_status":"closed","template":"template-full-page-header.php","meta":[],"_links":{"self":[{"href":"https:\/\/rtgmuhendislik.com\/index.php\/wp-json\/wp\/v2\/pages\/21"}],"collection":[{"href":"https:\/\/rtgmuhendislik.com\/index.php\/wp-json\/wp\/v2\/pages"}],"about":[{"href":"https:\/\/rtgmuhendislik.com\/index.php\/wp-json\/wp\/v2\/types\/page"}],"author":[{"embeddable":true,"href":"https:\/\/rtgmuhendislik.com\/index.php\/wp-json\/wp\/v2\/users\/1"}],"replies":[{"embeddable":true,"href":"https:\/\/rtgmuhendislik.com\/index.php\/wp-json\/wp\/v2\/comments?post=21"}],"version-history":[{"count":0,"href":"https:\/\/rtgmuhendislik.com\/index.php\/wp-json\/wp\/v2\/pages\/21\/revisions"}],"wp:attachment":[{"href":"https:\/\/rtgmuhendislik.com\/index.php\/wp-json\/wp\/v2\/media?parent=21"}],"curies":[{"name":"wp","href":"https:\/\/api.w.org\/{rel}","templated":true}]}}